{"id":3,"date":"2023-06-23T08:13:31","date_gmt":"2023-06-23T07:13:31","guid":{"rendered":"http:\/\/imunologija.si\/?page_id=3"},"modified":"2023-10-15T10:23:11","modified_gmt":"2023-10-15T08:23:11","slug":"splosni-pogoji","status":"publish","type":"page","link":"https:\/\/imunologija.si\/en\/splosni-pogoji\/","title":{"rendered":"General Terms and Conditions of Use of the Website"},"content":{"rendered":"<h2 class=\"wp-block-heading\">Who we are<\/h2>\n\n\n\n<p>We are Immunology Society of Slovenia<strong class=\"privacy-policy-tutorial\"> <\/strong>The address of our website is: https:\/\/immunologija.si<\/p>\n\n\n\n<p>Thank you for visiting our page. The website is intended to present the association and publish news related to its activities and area of interest.<\/p>\n\n\n\n<h2 class=\"wp-block-heading\">Personal data<\/h2>\n\n\n\n<p>We inform you that our website does not collect personal data and don't collect data about visits and traffic. You can only contact us via email. We do not collect any personal data and we don't store them.<\/p>\n\n\n\n<p><\/p>\n\n\n\n<h2 class=\"wp-block-heading\">Cookies<\/h2>\n\n\n\n<p>A cookie is a small text file that is transferred to the user's computer when he visits a website and usually contains: the name of the server from which the cookie was sent, the lifetime of the cookie, a value - usually a randomly generated unique number.<\/p>\n\n\n\n<p>Cookie management is possible in the GDPR Cookie Compliance (CCPA compatible) plugin, which is loaded when you visit the website. By disabling any of the necessary cookies, we cannot guarantee the proper functioning of the website.<\/p>\n\n\n\n<p class=\"translation-block\">You can also manage cookies through your <a rel=\"noreferrer noopener\" href=\"https:\/\/www.wikihow.com\/Clear-Your-Browsers-Cookies\" target=\"_blank\">browser<\/a>.<\/p>\n\n\n\n<p><strong>Cookies that are automatically loaded when you visit websites that require a password to access:<\/strong><br>\u2013 wordpress_test_cookie, the cookie checks whether the user's browser can accept cookies, the cookie lasts for 1 visit. The cookie is automatically loaded whenever you access a website that requires a password to view.<br>\u2013 WP-postpass_XXX, the cookie serves to verify the password for accessing web pages that require a password to view, the cookie lasts for 1 week. The cookie is automatically loaded whenever you access a website that requires a password to view.<\/p>\n\n\n\n<p><strong>Cookies that are loaded after cookies are accepted<\/strong><br>\u2013 moove_gdpr_popup, the cookie saves the user's cookie policy preferences, GDPR Cookie Compliance plugin, the cookie lasts for 1 year. The moove_gdpr_popup cookie is disabled by default. If it remains disabled, you will not be able to save your cookie settings. This means that you will have to change your settings every time you visit the website.<\/p>\n\n\n\n<p><strong>The website does not use cookies that are not necessary for the operation of basic functionalities.<\/strong><\/p>\n\n\n\n<p>The website does not use analytical or advertising cookies (not even third-party advertising cookies).<\/p>\n\n\n\n<p>Necessary cookies are mandatory for the proper functioning of the website and its functionalities. They are also necessary to provide some content, for example websites that can only be accessed with a password. Necessary cookies are always installed depending on the use of the functionality of the website.<\/p>\n\n\n\n<h2 class=\"wp-block-heading\"><\/h2>\n\n\n\n<p><\/p>\n\n\n\n<p>For all questions and information, we are happy to be at your disposal at <a href=\"mailto:info@imunologija.si\">info@imunologija.si<\/a><\/p>","protected":false},"excerpt":{"rendered":"<p>Kdo smo Smo Slovensko imunolo\u0161ko dru\u0161tvo. Naslov na\u0161ega spleti\u0161\u010da je: https:\/\/imunologija.si Zahvaljujemo se vam za obisk na\u0161e spetne strani. Spletna stran je namenjena predstavitvi dru\u0161tva ter objavi novic v zvezi z delovanjem in podro\u010djem zanimanja. Osebni podatki Sporo\u010damo vam, da na\u0161a spletna stran ne zbira osebnih podatkov, prav tako na noben na\u010din ne zbira podatkov&#8230;<\/p>","protected":false},"author":1,"featured_media":0,"parent":0,"menu_order":0,"comment_status":"closed","ping_status":"open","template":"","meta":{"_kadence_starter_templates_imported_post":false,"_kad_post_transparent":"","_kad_post_title":"","_kad_post_layout":"","_kad_post_sidebar_id":"","_kad_post_content_style":"","_kad_post_vertical_padding":"","_kad_post_feature":"","_kad_post_feature_position":"","_kad_post_header":false,"_kad_post_footer":false,"footnotes":""},"class_list":["post-3","page","type-page","status-publish","hentry"],"yoast_head":"<!-- This site is optimized with the Yoast SEO plugin v27.4 - https:\/\/yoast.com\/product\/yoast-seo-wordpress\/ -->\n<title>Splo\u0161ni pogoji uporabe spletne strani - Slovensko imunolo\u0161ko dru\u0161tvo<\/title>\n<meta name=\"robots\" content=\"index, follow, max-snippet:-1, max-image-preview:large, max-video-preview:-1\" \/>\n<link rel=\"canonical\" href=\"https:\/\/imunologija.si\/en\/splosni-pogoji\/\" \/>\n<meta property=\"og:locale\" content=\"en_GB\" \/>\n<meta property=\"og:type\" content=\"article\" \/>\n<meta property=\"og:title\" content=\"Splo\u0161ni pogoji uporabe spletne strani - Slovensko imunolo\u0161ko dru\u0161tvo\" \/>\n<meta property=\"og:description\" content=\"Kdo smo Smo Slovensko imunolo\u0161ko dru\u0161tvo. Naslov na\u0161ega spleti\u0161\u010da je: https:\/\/imunologija.si Zahvaljujemo se vam za obisk na\u0161e spetne strani. Spletna stran je namenjena predstavitvi dru\u0161tva ter objavi novic v zvezi z delovanjem in podro\u010djem zanimanja. Osebni podatki Sporo\u010damo vam, da na\u0161a spletna stran ne zbira osebnih podatkov, prav tako na noben na\u010din ne zbira podatkov...\" \/>\n<meta property=\"og:url\" content=\"https:\/\/imunologija.si\/en\/splosni-pogoji\/\" \/>\n<meta property=\"og:site_name\" content=\"Slovensko imunolo\u0161ko dru\u0161tvo\" \/>\n<meta property=\"article:modified_time\" content=\"2023-10-15T08:23:11+00:00\" \/>\n<meta name=\"twitter:card\" content=\"summary_large_image\" \/>\n<meta name=\"twitter:label1\" content=\"Estimated reading time\" \/>\n\t<meta name=\"twitter:data1\" content=\"2 minutes\" \/>\n<script type=\"application\/ld+json\" class=\"yoast-schema-graph\">{\"@context\":\"https:\\\/\\\/schema.org\",\"@graph\":[{\"@type\":\"WebPage\",\"@id\":\"https:\\\/\\\/imunologija.si\\\/splosni-pogoji\\\/\",\"url\":\"https:\\\/\\\/imunologija.si\\\/splosni-pogoji\\\/\",\"name\":\"Splo\u0161ni pogoji uporabe spletne strani - Slovensko imunolo\u0161ko dru\u0161tvo\",\"isPartOf\":{\"@id\":\"https:\\\/\\\/imunologija.si\\\/#website\"},\"datePublished\":\"2023-06-23T07:13:31+00:00\",\"dateModified\":\"2023-10-15T08:23:11+00:00\",\"breadcrumb\":{\"@id\":\"https:\\\/\\\/imunologija.si\\\/splosni-pogoji\\\/#breadcrumb\"},\"inLanguage\":\"en-GB\",\"potentialAction\":[{\"@type\":\"ReadAction\",\"target\":[\"https:\\\/\\\/imunologija.si\\\/splosni-pogoji\\\/\"]}]},{\"@type\":\"BreadcrumbList\",\"@id\":\"https:\\\/\\\/imunologija.si\\\/splosni-pogoji\\\/#breadcrumb\",\"itemListElement\":[{\"@type\":\"ListItem\",\"position\":1,\"name\":\"Home\",\"item\":\"https:\\\/\\\/imunologija.si\\\/\"},{\"@type\":\"ListItem\",\"position\":2,\"name\":\"Splo\u0161ni pogoji uporabe spletne strani\"}]},{\"@type\":\"WebSite\",\"@id\":\"https:\\\/\\\/imunologija.si\\\/#website\",\"url\":\"https:\\\/\\\/imunologija.si\\\/\",\"name\":\"Slovensko imunolo\u0161ko dru\u0161tvo\",\"description\":\"\",\"publisher\":{\"@id\":\"https:\\\/\\\/imunologija.si\\\/#organization\"},\"potentialAction\":[{\"@type\":\"SearchAction\",\"target\":{\"@type\":\"EntryPoint\",\"urlTemplate\":\"https:\\\/\\\/imunologija.si\\\/?s={search_term_string}\"},\"query-input\":{\"@type\":\"PropertyValueSpecification\",\"valueRequired\":true,\"valueName\":\"search_term_string\"}}],\"inLanguage\":\"en-GB\"},{\"@type\":\"Organization\",\"@id\":\"https:\\\/\\\/imunologija.si\\\/#organization\",\"name\":\"Slovensko imunolo\u0161ko dru\u0161tvo\",\"url\":\"https:\\\/\\\/imunologija.si\\\/\",\"logo\":{\"@type\":\"ImageObject\",\"inLanguage\":\"en-GB\",\"@id\":\"https:\\\/\\\/imunologija.si\\\/#\\\/schema\\\/logo\\\/image\\\/\",\"url\":\"https:\\\/\\\/imunologija.si\\\/wp-content\\\/uploads\\\/2024\\\/06\\\/cropped-90x100-1.png\",\"contentUrl\":\"https:\\\/\\\/imunologija.si\\\/wp-content\\\/uploads\\\/2024\\\/06\\\/cropped-90x100-1.png\",\"width\":90,\"height\":100,\"caption\":\"Slovensko imunolo\u0161ko dru\u0161tvo\"},\"image\":{\"@id\":\"https:\\\/\\\/imunologija.si\\\/#\\\/schema\\\/logo\\\/image\\\/\"}}]}<\/script>\n<!-- \/ Yoast SEO plugin. -->","yoast_head_json":{"title":"Splo\u0161ni pogoji uporabe spletne strani - Slovensko imunolo\u0161ko dru\u0161tvo","robots":{"index":"index","follow":"follow","max-snippet":"max-snippet:-1","max-image-preview":"max-image-preview:large","max-video-preview":"max-video-preview:-1"},"canonical":"https:\/\/imunologija.si\/en\/splosni-pogoji\/","og_locale":"en_GB","og_type":"article","og_title":"Splo\u0161ni pogoji uporabe spletne strani - Slovensko imunolo\u0161ko dru\u0161tvo","og_description":"Kdo smo Smo Slovensko imunolo\u0161ko dru\u0161tvo. Naslov na\u0161ega spleti\u0161\u010da je: https:\/\/imunologija.si Zahvaljujemo se vam za obisk na\u0161e spetne strani. Spletna stran je namenjena predstavitvi dru\u0161tva ter objavi novic v zvezi z delovanjem in podro\u010djem zanimanja. Osebni podatki Sporo\u010damo vam, da na\u0161a spletna stran ne zbira osebnih podatkov, prav tako na noben na\u010din ne zbira podatkov...","og_url":"https:\/\/imunologija.si\/en\/splosni-pogoji\/","og_site_name":"Slovensko imunolo\u0161ko dru\u0161tvo","article_modified_time":"2023-10-15T08:23:11+00:00","twitter_card":"summary_large_image","twitter_misc":{"Estimated reading time":"2 minutes"},"schema":{"@context":"https:\/\/schema.org","@graph":[{"@type":"WebPage","@id":"https:\/\/imunologija.si\/splosni-pogoji\/","url":"https:\/\/imunologija.si\/splosni-pogoji\/","name":"Splo\u0161ni pogoji uporabe spletne strani - Slovensko imunolo\u0161ko dru\u0161tvo","isPartOf":{"@id":"https:\/\/imunologija.si\/#website"},"datePublished":"2023-06-23T07:13:31+00:00","dateModified":"2023-10-15T08:23:11+00:00","breadcrumb":{"@id":"https:\/\/imunologija.si\/splosni-pogoji\/#breadcrumb"},"inLanguage":"en-GB","potentialAction":[{"@type":"ReadAction","target":["https:\/\/imunologija.si\/splosni-pogoji\/"]}]},{"@type":"BreadcrumbList","@id":"https:\/\/imunologija.si\/splosni-pogoji\/#breadcrumb","itemListElement":[{"@type":"ListItem","position":1,"name":"Home","item":"https:\/\/imunologija.si\/"},{"@type":"ListItem","position":2,"name":"Splo\u0161ni pogoji uporabe spletne strani"}]},{"@type":"WebSite","@id":"https:\/\/imunologija.si\/#website","url":"https:\/\/imunologija.si\/","name":"Immunology Society of Slovenia","description":"","publisher":{"@id":"https:\/\/imunologija.si\/#organization"},"potentialAction":[{"@type":"SearchAction","target":{"@type":"EntryPoint","urlTemplate":"https:\/\/imunologija.si\/?s={search_term_string}"},"query-input":{"@type":"PropertyValueSpecification","valueRequired":true,"valueName":"search_term_string"}}],"inLanguage":"en-GB"},{"@type":"Organization","@id":"https:\/\/imunologija.si\/#organization","name":"Immunology Society of Slovenia","url":"https:\/\/imunologija.si\/","logo":{"@type":"ImageObject","inLanguage":"en-GB","@id":"https:\/\/imunologija.si\/#\/schema\/logo\/image\/","url":"https:\/\/imunologija.si\/wp-content\/uploads\/2024\/06\/cropped-90x100-1.png","contentUrl":"https:\/\/imunologija.si\/wp-content\/uploads\/2024\/06\/cropped-90x100-1.png","width":90,"height":100,"caption":"Slovensko imunolo\u0161ko dru\u0161tvo"},"image":{"@id":"https:\/\/imunologija.si\/#\/schema\/logo\/image\/"}}]}},"_links":{"self":[{"href":"https:\/\/imunologija.si\/en\/wp-json\/wp\/v2\/pages\/3","targetHints":{"allow":["GET"]}}],"collection":[{"href":"https:\/\/imunologija.si\/en\/wp-json\/wp\/v2\/pages"}],"about":[{"href":"https:\/\/imunologija.si\/en\/wp-json\/wp\/v2\/types\/page"}],"author":[{"embeddable":true,"href":"https:\/\/imunologija.si\/en\/wp-json\/wp\/v2\/users\/1"}],"replies":[{"embeddable":true,"href":"https:\/\/imunologija.si\/en\/wp-json\/wp\/v2\/comments?post=3"}],"version-history":[{"count":0,"href":"https:\/\/imunologija.si\/en\/wp-json\/wp\/v2\/pages\/3\/revisions"}],"wp:attachment":[{"href":"https:\/\/imunologija.si\/en\/wp-json\/wp\/v2\/media?parent=3"}],"curies":[{"name":"wp","href":"https:\/\/api.w.org\/{rel}","templated":true}]}}